{"id":12,"date":"2023-02-17T19:45:36","date_gmt":"2023-02-17T19:45:36","guid":{"rendered":"https:\/\/morpholar3d.com\/?page_id=12"},"modified":"2023-02-25T22:11:52","modified_gmt":"2023-02-25T22:11:52","slug":"home","status":"publish","type":"page","link":"https:\/\/morpholar3d.com\/","title":{"rendered":"Home"},"content":{"rendered":"\n<div class=\"wp-block-cover alignfull is-light\" style=\"min-height:720px\"><span aria-hidden=\"true\" class=\"wp-block-cover__background has-background-dim-100 has-background-dim has-background-gradient\" style=\"background:linear-gradient(135deg,rgb(42,141,232) 23%,rgb(254,45,45) 50%,rgb(107,0,62) 100%)\"><\/span><div class=\"wp-block-cover__inner-container\">\n<div class=\"inherit-container-width is-layout-constrained wp-block-group alignwide\">\n<div class=\"wp-block-media-text alignwide has-media-on-the-right is-stacked-on-mobile is-vertically-aligned-center\" style=\"grid-template-columns:auto 43%\"><div class=\"wp-block-media-text__content\">\n<h1 class=\"has-text-align-left has-white-color has-text-color\">Morpholar 3D<\/h1>\n\n\n\n<p>Impresi\u00f3n 3D al servicio de la comunidad geek<\/p>\n\n\n\n<div class=\"is-layout-flex wp-block-buttons alignwide\">\n<div class=\"wp-block-button has-custom-width wp-block-button__width-50 has-custom-font-size\" style=\"font-size:22px\"><a class=\"wp-block-button__link wp-element-button\" href=\"#\" style=\"padding-top:var(--wp--preset--spacing--40);padding-right:var(--wp--preset--spacing--40);padding-bottom:var(--wp--preset--spacing--40);padding-left:var(--wp--preset--spacing--40)\">\u00a1Ir a la tienda!<\/a><\/div>\n<\/div>\n<\/div><figure class=\"wp-block-media-text__media\"><img decoding=\"async\" loading=\"lazy\" width=\"512\" height=\"512\" src=\"http:\/\/morpholar3d.com\/wp-content\/uploads\/2023\/02\/cropped-Montani3D-Logo-para-Posts-v2-09.png\" alt=\"\" class=\"wp-image-45 size-full\" srcset=\"https:\/\/morpholar3d.com\/wp-content\/uploads\/2023\/02\/cropped-Montani3D-Logo-para-Posts-v2-09.png 512w, https:\/\/morpholar3d.com\/wp-content\/uploads\/2023\/02\/cropped-Montani3D-Logo-para-Posts-v2-09-300x300.png 300w, https:\/\/morpholar3d.com\/wp-content\/uploads\/2023\/02\/cropped-Montani3D-Logo-para-Posts-v2-09-150x150.png 150w, https:\/\/morpholar3d.com\/wp-content\/uploads\/2023\/02\/cropped-Montani3D-Logo-para-Posts-v2-09-270x270.png 270w, https:\/\/morpholar3d.com\/wp-content\/uploads\/2023\/02\/cropped-Montani3D-Logo-para-Posts-v2-09-192x192.png 192w, https:\/\/morpholar3d.com\/wp-content\/uploads\/2023\/02\/cropped-Montani3D-Logo-para-Posts-v2-09-180x180.png 180w, https:\/\/morpholar3d.com\/wp-content\/uploads\/2023\/02\/cropped-Montani3D-Logo-para-Posts-v2-09-32x32.png 32w\" sizes=\"(max-width: 512px) 100vw, 512px\" \/><\/figure><\/div>\n<\/div>\n<\/div><\/div>\n\n\n\n<div class=\"is-layout-constrained wp-container-7 wp-block-group alignfull has-ast-global-color-5-background-color has-background\" style=\"padding-top:var(--wp--preset--spacing--50);padding-bottom:40px\">\n<div class=\"is-layout-flex wp-container-6 wp-block-columns are-vertically-aligned-top\">\n<div class=\"is-layout-flow wp-container-3 wp-block-column is-vertically-aligned-top\">\n<figure class=\"wp-block-image size-large\"><img decoding=\"async\" src=\"https:\/\/morpholar3d.com\/wp-content\/themes\/astra\/inc\/assets\/images\/starter-content\/building.svg\" alt=\"\" class=\"wp-image-134\"\/><\/figure>\n\n\n\n<h3 class=\"has-text-align-left\" style=\"margin-top:16px\">Amplia variedad<\/h3>\n\n\n\n<p class=\"has-text-align-left\" style=\"font-size:18px\">Nos especializamos en ofrecer una amplia variedad de productos inspirados en las series, pel\u00edculas y anim\u00e9s favoritos de la comunidad geek.<\/p>\n<\/div>\n\n\n\n<div class=\"is-layout-flow wp-container-4 wp-block-column is-vertically-aligned-top\">\n<figure class=\"wp-block-image size-large\"><img decoding=\"async\" src=\"https:\/\/morpholar3d.com\/wp-content\/themes\/astra\/inc\/assets\/images\/starter-content\/blog.svg\" alt=\"\" class=\"wp-image-136\"\/><\/figure>\n\n\n\n<h3 class=\"has-text-align-left\" style=\"margin-top:16px\">Productos personalizados<\/h3>\n\n\n\n<p class=\"has-text-align-left\" style=\"font-size:18px\">Nos esforzamos por ofrecer productos \u00fanicos que se ajusten a los gustos y necesidades de nuestros clientes.<\/p>\n<\/div>\n\n\n\n<div class=\"is-layout-flow wp-container-5 wp-block-column is-vertically-aligned-top\">\n<figure class=\"wp-block-image size-large\"><img decoding=\"async\" src=\"https:\/\/morpholar3d.com\/wp-content\/themes\/astra\/inc\/assets\/images\/starter-content\/portfolio.svg\" alt=\"\" class=\"wp-image-137\"\/><\/figure>\n\n\n\n<h3 class=\"has-text-align-left\" style=\"margin-top:16px\">Calidad de impresi\u00f3n<\/h3>\n\n\n\n<p class=\"has-text-align-left\" style=\"font-size:18px\">Nos aseguramos de utilizar materiales de primera calidad y t\u00e9cnicas de impresi\u00f3n avanzadas para garantizar que nuestros productos sean resistentes y duraderos.<\/p>\n<\/div>\n<\/div>\n<\/div>\n\n\n\n<div class=\"is-layout-constrained wp-container-12 wp-block-group alignfull\" id=\"services\" style=\"padding-top:40px;padding-bottom:0px\">\n<h2 class=\"has-ast-global-color-8-color has-text-color\">Nuestros Servicios<\/h2>\n\n\n\n<div class=\"is-layout-flex wp-container-11 wp-block-columns\" style=\"margin-top:50px\">\n<div class=\"is-layout-flow wp-container-8 wp-block-column\">\n<figure class=\"wp-block-image size-full is-resized\"><img decoding=\"async\" loading=\"lazy\" src=\"https:\/\/morpholar3d.com\/wp-content\/themes\/astra\/inc\/assets\/images\/starter-content\/branding.jpg\" alt=\"\" class=\"wp-image-230\" width=\"240\" height=\"300\"\/><\/figure>\n\n\n\n<h3 class=\"has-ast-global-color-8-color has-text-color\" style=\"margin-top:16px\">Venta de productos<\/h3>\n\n\n\n<p>Ofrecemos una amplia variedad de productos tanto al por menor como al por mayor. Ya sea que est\u00e9s buscando el regalo perfecto para un ser querido o una serie de productos para tu tienda o regaler\u00eda, tenemos lo que busc\u00e1s.<\/p>\n<\/div>\n\n\n\n<div class=\"is-layout-flow wp-container-9 wp-block-column\">\n<figure class=\"wp-block-image size-full is-resized\"><img decoding=\"async\" loading=\"lazy\" src=\"https:\/\/morpholar3d.com\/wp-content\/themes\/astra\/inc\/assets\/images\/starter-content\/graphic.jpg\" alt=\"\" class=\"wp-image-232\" width=\"240\" height=\"300\"\/><\/figure>\n\n\n\n<h3 class=\"has-ast-global-color-8-color has-text-color\" style=\"margin-top:16px\">Modelados a pedido<\/h3>\n\n\n\n<p>Creamos dise\u00f1os personalizados seg\u00fan las especificaciones de nuestros clientes. Si ten\u00e9s una idea en mente o necesit\u00e1s una pieza especial para un proyecto, nuestros expertos en impresi\u00f3n 3D pueden ayudarte a crear el producto perfecto.<\/p>\n<\/div>\n\n\n\n<div class=\"is-layout-flow wp-container-10 wp-block-column\">\n<figure class=\"wp-block-image size-full is-resized\"><img decoding=\"async\" loading=\"lazy\" src=\"https:\/\/morpholar3d.com\/wp-content\/themes\/astra\/inc\/assets\/images\/starter-content\/web.jpg\" alt=\"\" class=\"wp-image-231\" width=\"240\" height=\"300\"\/><\/figure>\n\n\n\n<h3 class=\"has-ast-global-color-8-color has-text-color\" style=\"margin-top:16px\">Stands para ferias<\/h3>\n\n\n\n<p>Participamos en ferias espec\u00edficas para la comunidad geek. Nos encanta compartir nuestro trabajo y estar en contacto con nuestros clientes y fan\u00e1ticos. Si est\u00e1s organizando una feria o evento y cree que nuestro negocio ser\u00eda un gran aporte, no dudes en contactarnos.<\/p>\n<\/div>\n<\/div>\n<\/div>\n\n\n\n<div class=\"is-layout-constrained wp-container-14 wp-block-group alignfull has-ast-global-color-5-background-color has-background\" id=\"about\" style=\"padding-top:40px;padding-bottom:30px\">\n<div class=\"wp-block-media-text has-media-on-the-right is-stacked-on-mobile is-vertically-aligned-center\" style=\"grid-template-columns:auto 48%\"><div class=\"wp-block-media-text__content\">\n<div class=\"inherit-container-width is-layout-constrained wp-block-group\" style=\"padding-right:80px\">\n<h2 style=\"padding-top:0;padding-right:0px\">Morpholar3D<\/h2>\n\n\n\n<p>Somos una empresa dedicada a la impresi\u00f3n 3D de productos geek, como objetos inspirados en pel\u00edculas, series y anim\u00e9.<\/p>\n\n\n\n<p>Nos apasiona la creaci\u00f3n de dise\u00f1os \u00fanicos y personalizados, y estamos comprometidos con la entrega de productos de alta calidad a nuestros clientes. Ofrecemos una amplia selecci\u00f3n de productos en nuestra tienda en l\u00ednea y servicios de modelado a pedido. Adem\u00e1s, estamos abiertos a colaborar y participar en ferias espec\u00edficas para la comunidad geek.<\/p>\n<\/div>\n<\/div><figure class=\"wp-block-media-text__media\"><img decoding=\"async\" loading=\"lazy\" width=\"512\" height=\"512\" src=\"http:\/\/morpholar3d.com\/wp-content\/uploads\/2023\/02\/cropped-Montani3D-Logo-para-Posts-v2-09.png\" alt=\"\" class=\"wp-image-45 size-full\" srcset=\"https:\/\/morpholar3d.com\/wp-content\/uploads\/2023\/02\/cropped-Montani3D-Logo-para-Posts-v2-09.png 512w, https:\/\/morpholar3d.com\/wp-content\/uploads\/2023\/02\/cropped-Montani3D-Logo-para-Posts-v2-09-300x300.png 300w, https:\/\/morpholar3d.com\/wp-content\/uploads\/2023\/02\/cropped-Montani3D-Logo-para-Posts-v2-09-150x150.png 150w, https:\/\/morpholar3d.com\/wp-content\/uploads\/2023\/02\/cropped-Montani3D-Logo-para-Posts-v2-09-270x270.png 270w, https:\/\/morpholar3d.com\/wp-content\/uploads\/2023\/02\/cropped-Montani3D-Logo-para-Posts-v2-09-192x192.png 192w, https:\/\/morpholar3d.com\/wp-content\/uploads\/2023\/02\/cropped-Montani3D-Logo-para-Posts-v2-09-180x180.png 180w, https:\/\/morpholar3d.com\/wp-content\/uploads\/2023\/02\/cropped-Montani3D-Logo-para-Posts-v2-09-32x32.png 32w\" sizes=\"(max-width: 512px) 100vw, 512px\" \/><\/figure><\/div>\n<\/div>\n\n\n\n<div class=\"is-layout-constrained wp-container-15 wp-block-group alignfull has-ast-global-color-4-background-color has-background\" id=\"reviews\" style=\"padding-top:var(--wp--preset--spacing--40);padding-right:var(--wp--preset--spacing--40);padding-bottom:var(--wp--preset--spacing--40);padding-left:var(--wp--preset--spacing--40)\">\n<figure class=\"wp-block-image aligncenter size-full is-resized\"><img decoding=\"async\" loading=\"lazy\" src=\"http:\/\/morpholar3d.com\/wp-content\/uploads\/2023\/02\/cropped-Montani3D-Logo-para-Posts-v2-09.png\" alt=\"\" class=\"wp-image-45\" width=\"128\" height=\"128\" srcset=\"https:\/\/morpholar3d.com\/wp-content\/uploads\/2023\/02\/cropped-Montani3D-Logo-para-Posts-v2-09.png 512w, https:\/\/morpholar3d.com\/wp-content\/uploads\/2023\/02\/cropped-Montani3D-Logo-para-Posts-v2-09-300x300.png 300w, https:\/\/morpholar3d.com\/wp-content\/uploads\/2023\/02\/cropped-Montani3D-Logo-para-Posts-v2-09-150x150.png 150w, https:\/\/morpholar3d.com\/wp-content\/uploads\/2023\/02\/cropped-Montani3D-Logo-para-Posts-v2-09-270x270.png 270w, https:\/\/morpholar3d.com\/wp-content\/uploads\/2023\/02\/cropped-Montani3D-Logo-para-Posts-v2-09-192x192.png 192w, https:\/\/morpholar3d.com\/wp-content\/uploads\/2023\/02\/cropped-Montani3D-Logo-para-Posts-v2-09-180x180.png 180w, https:\/\/morpholar3d.com\/wp-content\/uploads\/2023\/02\/cropped-Montani3D-Logo-para-Posts-v2-09-32x32.png 32w\" sizes=\"(max-width: 128px) 100vw, 128px\" \/><\/figure>\n\n\n\n<p class=\"has-text-align-center\" style=\"font-size:22px;line-height:1.6\"><em>&#8220;Nos apasiona la impresi\u00f3n 3D y los productos geek de alta calidad. \u00a1Gracias por ser parte de nuestra comunidad!&#8221;<\/em><\/p>\n\n\n\n<p class=\"has-text-align-center\">Morpholar 3D<\/p>\n<\/div>\n\n\n\n<div class=\"is-layout-constrained wp-container-20 wp-block-group alignfull\" id=\"whyus\" style=\"padding-top:50px;padding-bottom:5px\">\n<h2>Por qu\u00e9 elegirnos<\/h2>\n\n\n\n<div class=\"is-layout-flex wp-container-19 wp-block-columns\" style=\"margin-top:60px\">\n<div class=\"is-layout-flow wp-container-16 wp-block-column\">\n<figure class=\"wp-block-image size-large\"><img decoding=\"async\" src=\"https:\/\/morpholar3d.com\/wp-content\/themes\/astra\/inc\/assets\/images\/starter-content\/passionate.svg\" alt=\"\" class=\"wp-image-162\"\/><\/figure>\n\n\n\n<h3 style=\"margin-top:16px\">Pasi\u00f3n<\/h3>\n\n\n\n<p>Somos apasionados de la impresi\u00f3n 3D y de los productos geek. Cada uno de nuestros dise\u00f1os es creado con amor y cuidado, y estamos siempre explorando nuevas formas de llevar la creatividad al siguiente nivel.<\/p>\n<\/div>\n\n\n\n<div class=\"is-layout-flow wp-container-17 wp-block-column\">\n<figure class=\"wp-block-image size-large\"><img decoding=\"async\" src=\"https:\/\/morpholar3d.com\/wp-content\/themes\/astra\/inc\/assets\/images\/starter-content\/professional.svg\" alt=\"\" class=\"wp-image-163\"\/><\/figure>\n\n\n\n<h3 style=\"margin-top:16px\">Calidad<\/h3>\n\n\n\n<p>Nos esforzamos por mantener los m\u00e1s altos est\u00e1ndares en todo lo que hacemos, desde la selecci\u00f3n de materiales hasta la entrega del producto final. Nuestro equipo de profesionales est\u00e1 dedicado a garantizar que cada pieza cumpla con las expectativas de nuestros clientes.<\/p>\n<\/div>\n\n\n\n<div class=\"is-layout-flow wp-container-18 wp-block-column\">\n<figure class=\"wp-block-image size-large\"><img decoding=\"async\" src=\"https:\/\/morpholar3d.com\/wp-content\/themes\/astra\/inc\/assets\/images\/starter-content\/support.svg\" alt=\"\" class=\"wp-image-164\"\/><\/figure>\n\n\n\n<h3 style=\"margin-top:16px\">Atenci\u00f3n al Cliente<\/h3>\n\n\n\n<p>Nos comprometemos a brindar un servicio excepcional en cada paso del proceso de compra, desde el asesoramiento en la selecci\u00f3n de productos hasta el seguimiento de env\u00edos. Estamos siempre disponibles para responder cualquier pregunta y ayudar a nuestros clientes de la mejor manera posible.<\/p>\n<\/div>\n<\/div>\n<\/div>\n\n\n\n<div class=\"is-layout-constrained wp-container-22 wp-block-group alignfull has-background\" id=\"contact\" style=\"background:linear-gradient(35deg,rgb(6,0,151) 0%,rgb(130,4,255) 64%,rgb(193,15,255) 98%);padding-top:80px;padding-bottom:81px\">\n<h3 class=\"has-text-align-center has-text-color has-large-font-size\" style=\"color:#ffffff\">\u00bfTen\u00e9s una propuesta?<\/h3>\n\n\n\n<div class=\"is-horizontal is-content-justification-center is-layout-flex wp-container-21 wp-block-buttons alignwide\" style=\"margin-top:50px\">\n<div class=\"wp-block-button\"><a class=\"wp-block-button__link wp-element-button\" style=\"padding-top:var(--wp--preset--spacing--40);padding-right:var(--wp--preset--spacing--40);padding-bottom:var(--wp--preset--spacing--40);padding-left:var(--wp--preset--spacing--40)\">\u00a1Contactanos!<\/a><\/div>\n<\/div>\n<\/div>\n","protected":false},"excerpt":{"rendered":"<p>Amplia variedad Nos especializamos en ofrecer una amplia variedad de productos inspirados en las series, pel\u00edculas y anim\u00e9s favoritos de la comunidad geek. Productos personalizados Nos esforzamos por ofrecer productos \u00fanicos que se ajusten a los gustos y necesidades de nuestros clientes. Calidad de impresi\u00f3n Nos aseguramos de utilizar materiales de primera calidad y t\u00e9cnicas &hellip;<\/p>\n<p class=\"read-more\"> <a class=\"\" href=\"https:\/\/morpholar3d.com\/\"> <span class=\"screen-reader-text\">Home<\/span> Read More &raquo;<\/a><\/p>\n","protected":false},"author":1,"featured_media":0,"parent":0,"menu_order":0,"comment_status":"closed","ping_status":"closed","template":"","meta":{"site-sidebar-layout":"no-sidebar","site-content-layout":"plain-container","ast-global-header-display":"","ast-main-header-display":"","ast-hfb-above-header-display":"","ast-hfb-below-header-display":"","ast-hfb-mobile-header-display":"","site-post-title":"disabled","ast-breadcrumbs-content":"","ast-featured-img":"","footer-sml-layout":"","theme-transparent-header-meta":"enabled","adv-header-id-meta":"","stick-header-meta":"","header-above-stick-meta":"","header-main-stick-meta":"","header-below-stick-meta":""},"_links":{"self":[{"href":"https:\/\/morpholar3d.com\/index.php\/wp-json\/wp\/v2\/pages\/12"}],"collection":[{"href":"https:\/\/morpholar3d.com\/index.php\/wp-json\/wp\/v2\/pages"}],"about":[{"href":"https:\/\/morpholar3d.com\/index.php\/wp-json\/wp\/v2\/types\/page"}],"author":[{"embeddable":true,"href":"https:\/\/morpholar3d.com\/index.php\/wp-json\/wp\/v2\/users\/1"}],"replies":[{"embeddable":true,"href":"https:\/\/morpholar3d.com\/index.php\/wp-json\/wp\/v2\/comments?post=12"}],"version-history":[{"count":25,"href":"https:\/\/morpholar3d.com\/index.php\/wp-json\/wp\/v2\/pages\/12\/revisions"}],"predecessor-version":[{"id":87,"href":"https:\/\/morpholar3d.com\/index.php\/wp-json\/wp\/v2\/pages\/12\/revisions\/87"}],"wp:attachment":[{"href":"https:\/\/morpholar3d.com\/index.php\/wp-json\/wp\/v2\/media?parent=12"}],"curies":[{"name":"wp","href":"https:\/\/api.w.org\/{rel}","templated":true}]}}